{"id":32203,"date":"2017-02-23T19:27:39","date_gmt":"2017-02-23T18:27:39","guid":{"rendered":"http:\/\/www.miy.ch\/apprendre\/coaching-miy\/"},"modified":"2017-10-11T19:35:53","modified_gmt":"2017-10-11T17:35:53","slug":"coaching-miy","status":"publish","type":"page","link":"https:\/\/www.miy.ch\/de\/lernen\/coaching-miy\/","title":{"rendered":"Coaching MIY"},"content":{"rendered":"<p>[et_pb_section bb_built=&#8220;1&#8243; admin_label=&#8220;section&#8220;][et_pb_row admin_label=&#8220;row&#8220; background_position=&#8220;top_left&#8220; background_repeat=&#8220;repeat&#8220; background_size=&#8220;initial&#8220;][et_pb_column type=&#8220;4_4&#8243;][et_pb_text background_layout=&#8220;light&#8220; text_orientation=&#8220;left&#8220; border_style=&#8220;solid&#8220; background_position=&#8220;top_left&#8220; background_repeat=&#8220;repeat&#8220; background_size=&#8220;initial&#8220; _builder_version=&#8220;3.0.69&#8243;]<\/p>\n<p id=\"tw-target-text\" class=\"tw-data-text tw-ta tw-text-small\" dir=\"ltr\" data-placeholder=\"Translation\"><span lang=\"de\">F\u00fcr Ihr gesamtes Projekt k\u00f6nnen Sie einen Ingenieur einstellen. F\u00fcr eine pers\u00f6nliche Beratung. Die Werkstatt hat zwei Maschinenbauingenieure, die sich f\u00fcr Mechanik, Elektronik, Schwei\u00dfen, Arduino, Vinylschneiden, Laserschneiden und Herstellung von T-Shirts begeistern.<\/span><\/p>\n<p>[\/et_pb_text][\/et_pb_column][\/et_pb_row][\/et_pb_section]<\/p>\n","protected":false},"excerpt":{"rendered":"<p>[et_pb_section bb_built=&#8220;1&#8243; admin_label=&#8220;section&#8220;][et_pb_row admin_label=&#8220;row&#8220; background_position=&#8220;top_left&#8220; background_repeat=&#8220;repeat&#8220; background_size=&#8220;initial&#8220;][et_pb_column type=&#8220;4_4&#8243;][et_pb_text background_layout=&#8220;light&#8220; text_orientation=&#8220;left&#8220; border_style=&#8220;solid&#8220; background_position=&#8220;top_left&#8220; background_repeat=&#8220;repeat&#8220; background_size=&#8220;initial&#8220; _builder_version=&#8220;3.0.69&#8243;] F\u00fcr Ihr gesamtes Projekt k\u00f6nnen Sie einen Ingenieur einstellen. F\u00fcr eine pers\u00f6nliche Beratung. Die Werkstatt hat zwei Maschinenbauingenieure, die sich f\u00fcr Mechanik, Elektronik, Schwei\u00dfen, Arduino, Vinylschneiden, Laserschneiden und Herstellung von T-Shirts begeistern. [\/et_pb_text][\/et_pb_column][\/et_pb_row][\/et_pb_section]<\/p>\n","protected":false},"author":2,"featured_media":0,"parent":32194,"menu_order":6,"comment_status":"closed","ping_status":"closed","template":"","meta":{"_et_pb_use_builder":"on","_et_pb_old_content":"","_et_gb_content_width":"","footnotes":""},"class_list":["post-32203","page","type-page","status-publish","hentry"],"yoast_head":"<!-- This site is optimized with the Yoast SEO plugin v24.2 - https:\/\/yoast.com\/wordpress\/plugins\/seo\/ -->\n<title>Coaching MIY MIY Makerspace coworking coaching<\/title>\n<meta name=\"description\" content=\"Coaching MIY - MIY MakerSpace pour les cr\u00e9ateurs. Le seul fablab de coworking de Fribourg avec machines de pointe, coaching et team building\" \/>\n<meta name=\"robots\" content=\"index, follow, max-snippet:-1, max-image-preview:large, max-video-preview:-1\" \/>\n<link rel=\"canonical\" href=\"https:\/\/www.miy.ch\/de\/lernen\/coaching-miy\/\" \/>\n<meta property=\"og:locale\" content=\"de_DE\" \/>\n<meta property=\"og:type\" content=\"article\" \/>\n<meta property=\"og:title\" content=\"Coaching MIY MIY Makerspace coworking coaching\" \/>\n<meta property=\"og:description\" content=\"Coaching MIY - MIY MakerSpace pour les cr\u00e9ateurs. Le seul fablab de coworking de Fribourg avec machines de pointe, coaching et team building\" \/>\n<meta property=\"og:url\" content=\"https:\/\/www.miy.ch\/de\/lernen\/coaching-miy\/\" \/>\n<meta property=\"og:site_name\" content=\"MIY Makerspace\" \/>\n<meta property=\"article:publisher\" content=\"https:\/\/www.facebook.com\/groups\/MIYmakerspace\" \/>\n<meta property=\"article:modified_time\" content=\"2017-10-11T17:35:53+00:00\" \/>\n<meta property=\"og:image\" content=\"https:\/\/www.miy.ch\/wp-content\/uploads\/2025\/05\/Logomiy.gif\" \/>\n\t<meta property=\"og:image:width\" content=\"1549\" \/>\n\t<meta property=\"og:image:height\" content=\"1110\" \/>\n\t<meta property=\"og:image:type\" content=\"image\/gif\" \/>\n<meta name=\"twitter:card\" content=\"summary_large_image\" \/>\n<meta name=\"twitter:site\" content=\"@miymakerspace\" \/>\n<meta name=\"twitter:label1\" content=\"Gesch\u00e4tzte Lesezeit\" \/>\n\t<meta name=\"twitter:data1\" content=\"1\u00a0Minute\" \/>\n<script type=\"application\/ld+json\" class=\"yoast-schema-graph\">{\"@context\":\"https:\/\/schema.org\",\"@graph\":[{\"@type\":\"WebPage\",\"@id\":\"https:\/\/www.miy.ch\/de\/lernen\/coaching-miy\/\",\"url\":\"https:\/\/www.miy.ch\/de\/lernen\/coaching-miy\/\",\"name\":\"Coaching MIY MIY Makerspace coworking coaching\",\"isPartOf\":{\"@id\":\"https:\/\/www.miy.ch\/de\/#website\"},\"datePublished\":\"2017-02-23T18:27:39+00:00\",\"dateModified\":\"2017-10-11T17:35:53+00:00\",\"description\":\"Coaching MIY - MIY MakerSpace pour les cr\u00e9ateurs. Le seul fablab de coworking de Fribourg avec machines de pointe, coaching et team building\",\"breadcrumb\":{\"@id\":\"https:\/\/www.miy.ch\/de\/lernen\/coaching-miy\/#breadcrumb\"},\"inLanguage\":\"de\",\"potentialAction\":[{\"@type\":\"ReadAction\",\"target\":[\"https:\/\/www.miy.ch\/de\/lernen\/coaching-miy\/\"]}]},{\"@type\":\"BreadcrumbList\",\"@id\":\"https:\/\/www.miy.ch\/de\/lernen\/coaching-miy\/#breadcrumb\",\"itemListElement\":[{\"@type\":\"ListItem\",\"position\":1,\"name\":\"Home\",\"item\":\"https:\/\/www.miy.ch\/de\/\"},{\"@type\":\"ListItem\",\"position\":2,\"name\":\"lernen\",\"item\":\"https:\/\/www.miy.ch\/de\/lernen\/\"},{\"@type\":\"ListItem\",\"position\":3,\"name\":\"Coaching MIY\"}]},{\"@type\":\"WebSite\",\"@id\":\"https:\/\/www.miy.ch\/de\/#website\",\"url\":\"https:\/\/www.miy.ch\/de\/\",\"name\":\"Miy MakerSpace et fablab fribourg espace coworking suisse\",\"description\":\"Coaching coworking et espace pour bricolage  coworking et coaching fribourg\",\"publisher\":{\"@id\":\"https:\/\/www.miy.ch\/de\/#organization\"},\"alternateName\":\"Miy MakerSpace et fablab Fribourg\",\"potentialAction\":[{\"@type\":\"SearchAction\",\"target\":{\"@type\":\"EntryPoint\",\"urlTemplate\":\"https:\/\/www.miy.ch\/de\/?s={search_term_string}\"},\"query-input\":{\"@type\":\"PropertyValueSpecification\",\"valueRequired\":true,\"valueName\":\"search_term_string\"}}],\"inLanguage\":\"de\"},{\"@type\":\"Organization\",\"@id\":\"https:\/\/www.miy.ch\/de\/#organization\",\"name\":\"MIY MakerSpace et espace coworking et coaching\",\"alternateName\":\"Coaching et coworking espace formation continue\",\"url\":\"https:\/\/www.miy.ch\/de\/\",\"logo\":{\"@type\":\"ImageObject\",\"inLanguage\":\"de\",\"@id\":\"https:\/\/www.miy.ch\/de\/#\/schema\/logo\/image\/\",\"url\":\"https:\/\/www.miy.ch\/wp-content\/uploads\/2025\/05\/Logomiy.gif\",\"contentUrl\":\"https:\/\/www.miy.ch\/wp-content\/uploads\/2025\/05\/Logomiy.gif\",\"width\":1549,\"height\":1110,\"caption\":\"MIY MakerSpace et espace coworking et coaching\"},\"image\":{\"@id\":\"https:\/\/www.miy.ch\/de\/#\/schema\/logo\/image\/\"},\"sameAs\":[\"https:\/\/www.facebook.com\/groups\/MIYmakerspace\",\"https:\/\/x.com\/miymakerspace\",\"https:\/\/www.instagram.com\/miymakerspace\",\"https:\/\/www.pinterest.com\/miymakerspace\/\"]}]}<\/script>\n<!-- \/ Yoast SEO plugin. -->","yoast_head_json":{"title":"Coaching MIY MIY Makerspace coworking coaching","description":"Coaching MIY - MIY MakerSpace pour les cr\u00e9ateurs. Le seul fablab de coworking de Fribourg avec machines de pointe, coaching et team building","robots":{"index":"index","follow":"follow","max-snippet":"max-snippet:-1","max-image-preview":"max-image-preview:large","max-video-preview":"max-video-preview:-1"},"canonical":"https:\/\/www.miy.ch\/de\/lernen\/coaching-miy\/","og_locale":"de_DE","og_type":"article","og_title":"Coaching MIY MIY Makerspace coworking coaching","og_description":"Coaching MIY - MIY MakerSpace pour les cr\u00e9ateurs. Le seul fablab de coworking de Fribourg avec machines de pointe, coaching et team building","og_url":"https:\/\/www.miy.ch\/de\/lernen\/coaching-miy\/","og_site_name":"MIY Makerspace","article_publisher":"https:\/\/www.facebook.com\/groups\/MIYmakerspace","article_modified_time":"2017-10-11T17:35:53+00:00","og_image":[{"width":1549,"height":1110,"url":"https:\/\/www.miy.ch\/wp-content\/uploads\/2025\/05\/Logomiy.gif","type":"image\/gif"}],"twitter_card":"summary_large_image","twitter_site":"@miymakerspace","twitter_misc":{"Gesch\u00e4tzte Lesezeit":"1\u00a0Minute"},"schema":{"@context":"https:\/\/schema.org","@graph":[{"@type":"WebPage","@id":"https:\/\/www.miy.ch\/de\/lernen\/coaching-miy\/","url":"https:\/\/www.miy.ch\/de\/lernen\/coaching-miy\/","name":"Coaching MIY MIY Makerspace coworking coaching","isPartOf":{"@id":"https:\/\/www.miy.ch\/de\/#website"},"datePublished":"2017-02-23T18:27:39+00:00","dateModified":"2017-10-11T17:35:53+00:00","description":"Coaching MIY - MIY MakerSpace pour les cr\u00e9ateurs. Le seul fablab de coworking de Fribourg avec machines de pointe, coaching et team building","breadcrumb":{"@id":"https:\/\/www.miy.ch\/de\/lernen\/coaching-miy\/#breadcrumb"},"inLanguage":"de","potentialAction":[{"@type":"ReadAction","target":["https:\/\/www.miy.ch\/de\/lernen\/coaching-miy\/"]}]},{"@type":"BreadcrumbList","@id":"https:\/\/www.miy.ch\/de\/lernen\/coaching-miy\/#breadcrumb","itemListElement":[{"@type":"ListItem","position":1,"name":"Home","item":"https:\/\/www.miy.ch\/de\/"},{"@type":"ListItem","position":2,"name":"lernen","item":"https:\/\/www.miy.ch\/de\/lernen\/"},{"@type":"ListItem","position":3,"name":"Coaching MIY"}]},{"@type":"WebSite","@id":"https:\/\/www.miy.ch\/de\/#website","url":"https:\/\/www.miy.ch\/de\/","name":"Miy MakerSpace et fablab fribourg espace coworking suisse","description":"Coaching coworking et espace pour bricolage  coworking et coaching fribourg","publisher":{"@id":"https:\/\/www.miy.ch\/de\/#organization"},"alternateName":"Miy MakerSpace et fablab Fribourg","potentialAction":[{"@type":"SearchAction","target":{"@type":"EntryPoint","urlTemplate":"https:\/\/www.miy.ch\/de\/?s={search_term_string}"},"query-input":{"@type":"PropertyValueSpecification","valueRequired":true,"valueName":"search_term_string"}}],"inLanguage":"de"},{"@type":"Organization","@id":"https:\/\/www.miy.ch\/de\/#organization","name":"MIY MakerSpace et espace coworking et coaching","alternateName":"Coaching et coworking espace formation continue","url":"https:\/\/www.miy.ch\/de\/","logo":{"@type":"ImageObject","inLanguage":"de","@id":"https:\/\/www.miy.ch\/de\/#\/schema\/logo\/image\/","url":"https:\/\/www.miy.ch\/wp-content\/uploads\/2025\/05\/Logomiy.gif","contentUrl":"https:\/\/www.miy.ch\/wp-content\/uploads\/2025\/05\/Logomiy.gif","width":1549,"height":1110,"caption":"MIY MakerSpace et espace coworking et coaching"},"image":{"@id":"https:\/\/www.miy.ch\/de\/#\/schema\/logo\/image\/"},"sameAs":["https:\/\/www.facebook.com\/groups\/MIYmakerspace","https:\/\/x.com\/miymakerspace","https:\/\/www.instagram.com\/miymakerspace","https:\/\/www.pinterest.com\/miymakerspace\/"]}]}},"_links":{"self":[{"href":"https:\/\/www.miy.ch\/de\/wp-json\/wp\/v2\/pages\/32203","targetHints":{"allow":["GET"]}}],"collection":[{"href":"https:\/\/www.miy.ch\/de\/wp-json\/wp\/v2\/pages"}],"about":[{"href":"https:\/\/www.miy.ch\/de\/wp-json\/wp\/v2\/types\/page"}],"author":[{"embeddable":true,"href":"https:\/\/www.miy.ch\/de\/wp-json\/wp\/v2\/users\/2"}],"replies":[{"embeddable":true,"href":"https:\/\/www.miy.ch\/de\/wp-json\/wp\/v2\/comments?post=32203"}],"version-history":[{"count":3,"href":"https:\/\/www.miy.ch\/de\/wp-json\/wp\/v2\/pages\/32203\/revisions"}],"predecessor-version":[{"id":32570,"href":"https:\/\/www.miy.ch\/de\/wp-json\/wp\/v2\/pages\/32203\/revisions\/32570"}],"up":[{"embeddable":true,"href":"https:\/\/www.miy.ch\/de\/wp-json\/wp\/v2\/pages\/32194"}],"wp:attachment":[{"href":"https:\/\/www.miy.ch\/de\/wp-json\/wp\/v2\/media?parent=32203"}],"curies":[{"name":"wp","href":"https:\/\/api.w.org\/{rel}","templated":true}]}}