{"id":32605,"date":"2016-07-06T09:36:47","date_gmt":"2016-07-06T07:36:47","guid":{"rendered":"http:\/\/www.miy.ch\/info\/faq\/"},"modified":"2017-10-12T19:46:24","modified_gmt":"2017-10-12T17:46:24","slug":"faq","status":"publish","type":"page","link":"https:\/\/www.miy.ch\/de\/info\/faq\/","title":{"rendered":"FAQ"},"content":{"rendered":"<p>[et_pb_section bb_built=&#8220;1&#8243; admin_label=&#8220;Hero Section&#8220; transparent_background=&#8220;off&#8220; background_color=&#8220;#ffffff&#8220; allow_player_pause=&#8220;off&#8220; inner_shadow=&#8220;off&#8220; parallax=&#8220;off&#8220; parallax_method=&#8220;off&#8220; padding_mobile=&#8220;off&#8220; make_fullwidth=&#8220;off&#8220; use_custom_width=&#8220;off&#8220; width_unit=&#8220;on&#8220; make_equal=&#8220;off&#8220; use_custom_gutter=&#8220;off&#8220; collapsed=&#8220;off&#8220; background_image=&#8220;http:\/\/www.miy.ch\/wp-content\/uploads\/2016\/09\/titlefaq1-1.jpg&#8220; module_id=&#8220;dotover&#8220; custom_css_after=&#8220;content: %22%22;||background: url(&#8218;http:\/\/www.miy.ch\/wp-includes\/images\/media\/texture.png&#8216;) repeat;||top: 0;||left: 0;||bottom: 0;||right: 0;||position: absolute;||z-index: 1;||&#8220;][et_pb_row make_fullwidth=&#8220;off&#8220; use_custom_width=&#8220;off&#8220; width_unit=&#8220;on&#8220; use_custom_gutter=&#8220;off&#8220; custom_padding=&#8220;7%||4%|&#8220; padding_mobile=&#8220;off&#8220; allow_player_pause=&#8220;off&#8220; parallax=&#8220;off&#8220; parallax_method=&#8220;off&#8220; make_equal=&#8220;off&#8220; parallax_1=&#8220;off&#8220; parallax_method_1=&#8220;off&#8220; column_padding_mobile=&#8220;on&#8220; background_position=&#8220;top_left&#8220; background_repeat=&#8220;repeat&#8220; background_size=&#8220;initial&#8220;][et_pb_column type=&#8220;4_4&#8243;][et_pb_cta admin_label=&#8220;faq&#8220; url_new_window=&#8220;off&#8220; use_background_color=&#8220;off&#8220; background_color=&#8220;#fcbf00&#8243; background_layout=&#8220;light&#8220; header_font_size_last_edited=&#8220;on|desktop&#8220; border_style=&#8220;solid&#8220; custom_button=&#8220;off&#8220; button_letter_spacing=&#8220;0&#8243; button_icon_placement=&#8220;right&#8220; button_letter_spacing_hover=&#8220;0&#8243; header_font_size=&#8220;52&#8243; header_font_size_phone=&#8220;30&#8243; header_font_size_tablet=&#8220;50&#8243; module_id=&#8220;toptext&#8220; button_border_radius=&#8220;0&#8243; header_font=&#8220;Open Sans|||on|&#8220; header_text_color=&#8220;#ffffff&#8220; header_line_height=&#8220;1.4em&#8220; body_font=&#8220;Open Sans||||&#8220; body_font_size=&#8220;18&#8243; body_text_color=&#8220;#ffffff&#8220; body_line_height=&#8220;1.5em&#8220; custom_css_main_element=&#8220;position: relative; z-index: 10;||color: white; text-shadow: black 0.2em 0.2em 0.2em, black -0.05em -0.05em 0.05em;&#8220; custom_css_promo_title=&#8220;font-weight: 800;||&#8220; custom_css_promo_description=&#8220;color: #ffffff; text-shadow: Black 0.1em 0.1em 0.1em, Black 0.1em 0.1em 0.1em;||font-weight: bold;&#8220; background_position=&#8220;top_left&#8220; background_repeat=&#8220;repeat&#8220; background_size=&#8220;initial&#8220; _builder_version=&#8220;3.0.69&#8243;]<\/p>\n<h2 style=\"text-align: center;\"><span style=\"color: #fa6c0b;\">FAQ<\/span><\/h2>\n<p>[\/et_pb_cta][\/et_pb_column][\/et_pb_row][\/et_pb_section][et_pb_section bb_built=&#8220;1&#8243; admin_label=&#8220;section&#8220; background_image=&#8220;http:\/\/www.miy.ch\/wp-content\/uploads\/2016\/09\/titlefaq2-1.jpg&#8220; transparent_background=&#8220;on&#8220; background_color=&#8220;#ffffff&#8220; allow_player_pause=&#8220;off&#8220; inner_shadow=&#8220;off&#8220; parallax=&#8220;off&#8220; parallax_method=&#8220;off&#8220; padding_mobile=&#8220;off&#8220; make_fullwidth=&#8220;off&#8220; use_custom_width=&#8220;off&#8220; width_unit=&#8220;on&#8220; make_equal=&#8220;off&#8220; use_custom_gutter=&#8220;off&#8220;][et_pb_row background_position=&#8220;top_left&#8220; background_repeat=&#8220;repeat&#8220; background_size=&#8220;initial&#8220;][et_pb_column type=&#8220;1_3&#8243;][et_pb_blurb admin_label=&#8220;general questions&#8220; title=&#8220; Allgemeine Fragen&#8220; url_new_window=&#8220;off&#8220; use_icon=&#8220;on&#8220; icon_color=&#8220;#fa6c0b&#8220; use_circle=&#8220;off&#8220; circle_color=&#8220;#7EBEC5&#8243; use_circle_border=&#8220;off&#8220; circle_border_color=&#8220;#7EBEC5&#8243; icon_placement=&#8220;left&#8220; animation=&#8220;top&#8220; background_layout=&#8220;light&#8220; use_icon_font_size=&#8220;off&#8220; border_style=&#8220;solid&#8220; font_icon=&#8220;%%276%%&#8220; background_position=&#8220;top_left&#8220; background_repeat=&#8220;repeat&#8220; background_size=&#8220;initial&#8220; _builder_version=&#8220;3.0.69&#8243;]<\/p>\n<p>Allgemeine Fragen und Antworten<\/p>\n<p>[\/et_pb_blurb][\/et_pb_column][et_pb_column type=&#8220;2_3&#8243;][et_pb_accordion border_style=&#8220;solid&#8220; _builder_version=&#8220;3.0.69&#8243;] [et_pb_accordion_item title=&#8220; F: Wer ist MIY Makerspace und was machst du?&#8220;]<\/p>\n<p>A: MIY Makerspace ist eine kleine Gruppe multidisziplin\u00e4rer Ingenieure, die in einem gut ausgestatteten, zug\u00e4nglichen Ladenbereich t\u00e4tig sind, in dem ihre Kunden Ressourcen und Wissen austauschen, Projekte erstellen, Netzwerke aufbauen und bauen k\u00f6nnen. MIY bietet seinen Kunden Werkzeuge und eine Community-Umgebung mit Infrastruktur. Gut ausgebildete Fachberater stehen in der Regel zur Beratung zur Verf\u00fcgung, aber ihre Kunden k\u00f6nnen von anderen Benutzern im MIY Makerspace Hilfe erhalten.<\/p>\n<p>[\/et_pb_accordion_item][et_pb_accordion_item title=&#8220; F: Was ist ein Makerspace?&#8220;]<\/p>\n<p id=\"tw-target-text\" class=\"tw-data-text tw-ta tw-text-small\" dir=\"ltr\" data-placeholder=\"Translation\"><span lang=\"de\">A: Ein Makerspace oder auch Hackerspace wird oft mit Bereichen wie Ingenieurwesen, Informatik und Grafikdesign assoziiert. Das Konzept geht aus der technologiegetriebenen &#8222;Macherkultur&#8220; hervor, die sowohl Kleinunternehmen als auch Kleinunternehmen antreibt. Diese Idee einer gemeinschaftlichen Mietfl\u00e4che f\u00fcr Erfinder und Hobbyisten hat sich in der Bildung etabliert, wo die informelle Kombination aus Labor, Laden und Konferenzraum eine interessante Infrastruktur f\u00fcr das Lernen durch praktische Erforschung darstellt.<\/span><\/p>\n<p>[\/et_pb_accordion_item][et_pb_accordion_item title=&#8220; F: Wer kann beitreten?&#8220;]<\/p>\n<p>A: Jeder. MIY ist eine offene Umgebung, die jedem willkommen ist, der Ideen erstellen, erfinden lernen oder einfach nur Ideen teilen m\u00f6chte. Der Laden ist mit geeigneten Werkzeugen und Maschinen ausgestattet, so dass praktisch jedes Projekt f\u00fcr Prototypen, Erfindungen, Arbeitsprojekte und Ger\u00e4te realisiert werden kann.<\/p>\n<p>[\/et_pb_accordion_item][et_pb_accordion_item title=&#8220; F: Wie funktioniert es?&#8220;]<\/p>\n<p>A: Unser Maker Space wird durch Sponsoring, Mitgliedsbeitr\u00e4ge und Spenden finanziert. Wir ben\u00f6tigen Abonnements, um zu funktionieren und zu erweitern. Wir m\u00fcssen auch die monatlichen Grundkosten decken und in die Werkzeuge und Verbrauchsmaterialien f\u00fcr die Mitglieder des Makerspace investieren. Wenn Sie Mitglied werden m\u00f6chten, kontaktieren Sie uns oder besuchen Sie uns pers\u00f6nlich oder besuchen Sie unsere Diskussionsgruppe.<\/p>\n<p>In allen F\u00e4llen ist MIY kostenlos f\u00fcr die \u00d6ffentlichkeit zug\u00e4nglich, Verbrauchsg\u00fcter werden jedoch extra berechnet. Es gibt 3 Arten der Mitgliedschaft f\u00fcr die Nutzung der Einrichtungen, Werkzeuge und Maschinen. Basis-Karteninhaber, der die Nutzung aller Maschinen und Labors mit Ausnahme des Coworking Space zu deren jeweiligen Raten erlaubt.<\/p>\n<p>Abgerechnet von der Zeit. Monatliche Mitgliedschaft min (3 Monate). Kartenhalter haben unbegrenzte Nutzung der Labors, aller Maschinen und aller Handwerkzeuge. CNC-Maschinen sind extra und werden zeitlich abgerechnet. Coworking, bei dem die Mitgliedschaft nicht nur die Ladenfl\u00e4che und die Basisinfrastruktur umfasst, sondern einen festen Platz einschlie\u00dft, wird exklusiv f\u00fcr die Mitgliederraten von 300 Kch pro Monat<\/p>\n<p>[\/et_pb_accordion_item][et_pb_accordion_item title=&#8220; F: Wie viel kostet es?&#8220;]<\/p>\n<p id=\"tw-target-text\" class=\"tw-data-text tw-ta tw-text-small\" dir=\"ltr\" data-placeholder=\"Translation\"><span lang=\"de\"><span style=\"color: #ff9900;\"><strong>A:<\/strong><\/span> Preise f\u00fcr die Maschinen (und ihre jeweiligen Stationen): <\/span><\/p>\n<p class=\"tw-data-text tw-ta tw-text-small\" dir=\"ltr\" data-placeholder=\"Translation\"><span lang=\"de\">3d-Drucker: 0,1 \/ min <\/span><\/p>\n<p class=\"tw-data-text tw-ta tw-text-small\" dir=\"ltr\" data-placeholder=\"Translation\"><span lang=\"de\">CNC Fr\u00e4smaschine gro\u00df: 0,8 \/ min, Mitte: 0,7 \/ min, klein: 0,6 \/ min <\/span><\/p>\n<p class=\"tw-data-text tw-ta tw-text-small\" dir=\"ltr\" data-placeholder=\"Translation\"><span lang=\"de\">Metallkonstruktion Labor S\u00e4gen und Bohrer: 0,2 \/ min <\/span><\/p>\n<p class=\"tw-data-text tw-ta tw-text-small\" dir=\"ltr\" data-placeholder=\"Translation\"><span lang=\"de\">Elektronik- und Programmierstationen 0,1 \/ min <\/span><\/p>\n<p class=\"tw-data-text tw-ta tw-text-small\" dir=\"ltr\" data-placeholder=\"Translation\"><span lang=\"de\">S<\/span><span lang=\"de\">chneideplotter oder Plotter 0,5 \/ min <\/span><\/p>\n<p class=\"tw-data-text tw-ta tw-text-small\" dir=\"ltr\" data-placeholder=\"Translation\"><span lang=\"de\">Laserschneider 40W: 0,8 \/ min, 100W: 1,2 \/ min<\/span><\/p>\n<p>[\/et_pb_accordion_item] [\/et_pb_accordion][\/et_pb_column][\/et_pb_row][\/et_pb_section]<\/p>\n","protected":false},"excerpt":{"rendered":"<p>[et_pb_section bb_built=&#8220;1&#8243; admin_label=&#8220;Hero Section&#8220; transparent_background=&#8220;off&#8220; background_color=&#8220;#ffffff&#8220; allow_player_pause=&#8220;off&#8220; inner_shadow=&#8220;off&#8220; parallax=&#8220;off&#8220; parallax_method=&#8220;off&#8220; padding_mobile=&#8220;off&#8220; make_fullwidth=&#8220;off&#8220; use_custom_width=&#8220;off&#8220; width_unit=&#8220;on&#8220; make_equal=&#8220;off&#8220; use_custom_gutter=&#8220;off&#8220; collapsed=&#8220;off&#8220; background_image=&#8220;http:\/\/www.miy.ch\/wp-content\/uploads\/2016\/09\/titlefaq1-1.jpg&#8220; module_id=&#8220;dotover&#8220; custom_css_after=&#8220;content: %22%22;||background: url(&#8218;http:\/\/www.miy.ch\/wp-includes\/images\/media\/texture.png&#8216;) repeat;||top: 0;||left: 0;||bottom: 0;||right: 0;||position: absolute;||z-index: 1;||&#8220;][et_pb_row make_fullwidth=&#8220;off&#8220; use_custom_width=&#8220;off&#8220; width_unit=&#8220;on&#8220; use_custom_gutter=&#8220;off&#8220; custom_padding=&#8220;7%||4%|&#8220; padding_mobile=&#8220;off&#8220; allow_player_pause=&#8220;off&#8220; parallax=&#8220;off&#8220; parallax_method=&#8220;off&#8220; make_equal=&#8220;off&#8220; parallax_1=&#8220;off&#8220; parallax_method_1=&#8220;off&#8220; column_padding_mobile=&#8220;on&#8220; background_position=&#8220;top_left&#8220; background_repeat=&#8220;repeat&#8220; background_size=&#8220;initial&#8220;][et_pb_column type=&#8220;4_4&#8243;][et_pb_cta admin_label=&#8220;faq&#8220; url_new_window=&#8220;off&#8220; use_background_color=&#8220;off&#8220; background_color=&#8220;#fcbf00&#8243; background_layout=&#8220;light&#8220; header_font_size_last_edited=&#8220;on|desktop&#8220; border_style=&#8220;solid&#8220; custom_button=&#8220;off&#8220; button_letter_spacing=&#8220;0&#8243; [&hellip;]<\/p>\n","protected":false},"author":1,"featured_media":0,"parent":32602,"menu_order":0,"comment_status":"closed","ping_status":"closed","template":"","meta":{"_et_pb_use_builder":"on","_et_pb_old_content":"<p>{:fr}For your convenience, our most common customer questions are answered right here.<\/p><p>Not finding what you want? Reach out directly through our <a title=\"Contact Us\" href=\"\/contact\/\">Contact Us<\/a> page.<\/p><p><strong>Q:<\/strong> <em>Add questions here.<\/em><\/p><p><strong>A:<\/strong> Add answers here.{:}{:en}<\/p><p style=\"text-align: justify;\">For your convenience, our most common customer questions are answered right here.<\/p><p style=\"text-align: justify;\">Not finding what you want? Reach out directly through our <a title=\"Contact Us\" href=\"\/contact\/\">Contact Us<\/a> page.<\/p><p>\u00a0<\/p><p style=\"text-align: justify;\"><strong>Q: Who\u00a0is MIY\u00a0Makerspace and what do you do?<\/strong><\/p><p style=\"text-align: justify;\"><strong>A: <\/strong>MIY (Make it Yourself) Makerspace is small group of multidisciplinary engineers who occupy a well-equipped accessible shop area where their\u00a0clients can come to share resources and knowledge, create projects, network, and construct. \u00a0MIY provides their\u00a0clients with tools and a community setting complete with infrastructure. Highly trained expert advisers are usually\u00a0available for consultation but their\u00a0clients can get help from other users in the MIY Makerspace.<\/p><p>\u00a0<\/p><p style=\"text-align: justify;\"><strong>Q: What is a Makerspace?<\/strong><\/p><p style=\"text-align: justify;\"><strong>A:<\/strong>\u00a0A Makerspace or also called a Hackerspace is often associated with fields such as engineering, computer science, and graphic design. The concept emerges from the technology-driven \u201cmaker culture,\u201d which drives small makers as well as small business. This idea of a collaborative rental space for inventors and hobbyists has caught hold in education, where the informal combination of lab, shop, and conference room form an interesting infrastructure for learning through hands-on exploration.<\/p><p>\u00a0<\/p><p style=\"text-align: justify;\"><strong>Q: Who can join?<\/strong><\/p><p style=\"text-align: justify;\"><strong>A:<\/strong>\u00a0Anyone.\u00a0MIY\u00a0is an open environment welcome to anyone who wants to create, invent learn or just share ideas. The shop is equipped with proper tools and machines so that just about any project can be realized for prototypes, inventions, work projects and equipment.<\/p><p>\u00a0<\/p><p style=\"text-align: justify;\"><strong>Q: How does it work?<\/strong><\/p><p style=\"text-align: justify;\"><strong>A:<\/strong>\u00a0Our Maker Space is paid for from sponsorship, membership fees and donations. We require subscriptions to function and expand. We also need to cover basic monthly costs and invest in tools and consumables for the members of the Makerspace. If you\u2019d would like to become a member, contact us or see us in person or drop into our discussion group.<\/p><p style=\"text-align: justify;\">In all cases MIY is open to the public for free but consumables are charged extra. There are 3 types of membership for use of the facilities, tools and machines.<\/p><ol style=\"text-align: justify;\"><li>Basic cardholder which entitles use of all machines and labs except coworking space at their respective rates. Billed by time.<\/li><li>Monthly membership min (3 months). Card holders have unlimited use of the labs, all machines and all hand tools. CNC machines are extra and billed by time.<\/li><li>Coworking where the membership not only includes the shop space and basic infrastructure but a fixed space is saved exclusively for the member rates are from 300chf per month<\/li><\/ol><p>\u00a0<\/p><p>\u00a0<\/p><p>\u00a0<\/p><p style=\"text-align: justify;\"><strong>Rates for the machines (and their respective stations):<\/strong><br \/> 3d printer: 0.1\/min<br \/> CNC Mill large: 0.8\/min, Mid: 0.7\/min, Small: 0.6\/min<br \/> Metal structure lab saws and drills: 0.2\/min<br \/> Electronics and programming stations 0.1\/min<br \/> Vinyl cutter or Plotter 0.5\/min<br \/> Laser cutter 40W: 0.8\/min, 100W: 1.2\/min<\/p><p>{:}<\/p>","_et_gb_content_width":"","footnotes":""},"class_list":["post-32605","page","type-page","status-publish","hentry"],"yoast_head":"<!-- This site is optimized with the Yoast SEO plugin v24.2 - https:\/\/yoast.com\/wordpress\/plugins\/seo\/ -->\n<title>FAQ MIY Makerspace coworking coaching<\/title>\n<meta name=\"description\" content=\"FAQ - MIY MakerSpace pour les cr\u00e9ateurs. Le seul fablab de coworking de Fribourg avec machines de pointe, coaching et team building\" \/>\n<meta name=\"robots\" content=\"index, follow, max-snippet:-1, max-image-preview:large, max-video-preview:-1\" \/>\n<link rel=\"canonical\" href=\"https:\/\/www.miy.ch\/de\/info\/faq\/\" \/>\n<meta property=\"og:locale\" content=\"de_DE\" \/>\n<meta property=\"og:type\" content=\"article\" \/>\n<meta property=\"og:title\" content=\"FAQ MIY Makerspace coworking coaching\" \/>\n<meta property=\"og:description\" content=\"FAQ - MIY MakerSpace pour les cr\u00e9ateurs. Le seul fablab de coworking de Fribourg avec machines de pointe, coaching et team building\" \/>\n<meta property=\"og:url\" content=\"https:\/\/www.miy.ch\/de\/info\/faq\/\" \/>\n<meta property=\"og:site_name\" content=\"MIY Makerspace\" \/>\n<meta property=\"article:publisher\" content=\"https:\/\/www.facebook.com\/groups\/MIYmakerspace\" \/>\n<meta property=\"article:modified_time\" content=\"2017-10-12T17:46:24+00:00\" \/>\n<meta property=\"og:image\" content=\"https:\/\/www.miy.ch\/wp-content\/uploads\/2025\/05\/Logomiy.gif\" \/>\n\t<meta property=\"og:image:width\" content=\"1549\" \/>\n\t<meta property=\"og:image:height\" content=\"1110\" \/>\n\t<meta property=\"og:image:type\" content=\"image\/gif\" \/>\n<meta name=\"twitter:card\" content=\"summary_large_image\" \/>\n<meta name=\"twitter:site\" content=\"@miymakerspace\" \/>\n<meta name=\"twitter:label1\" content=\"Gesch\u00e4tzte Lesezeit\" \/>\n\t<meta name=\"twitter:data1\" content=\"5\u00a0Minuten\" \/>\n<script type=\"application\/ld+json\" class=\"yoast-schema-graph\">{\"@context\":\"https:\/\/schema.org\",\"@graph\":[{\"@type\":\"WebPage\",\"@id\":\"https:\/\/www.miy.ch\/de\/info\/faq\/\",\"url\":\"https:\/\/www.miy.ch\/de\/info\/faq\/\",\"name\":\"FAQ MIY Makerspace coworking coaching\",\"isPartOf\":{\"@id\":\"https:\/\/www.miy.ch\/de\/#website\"},\"datePublished\":\"2016-07-06T07:36:47+00:00\",\"dateModified\":\"2017-10-12T17:46:24+00:00\",\"description\":\"FAQ - MIY MakerSpace pour les cr\u00e9ateurs. Le seul fablab de coworking de Fribourg avec machines de pointe, coaching et team building\",\"breadcrumb\":{\"@id\":\"https:\/\/www.miy.ch\/de\/info\/faq\/#breadcrumb\"},\"inLanguage\":\"de\",\"potentialAction\":[{\"@type\":\"ReadAction\",\"target\":[\"https:\/\/www.miy.ch\/de\/info\/faq\/\"]}]},{\"@type\":\"BreadcrumbList\",\"@id\":\"https:\/\/www.miy.ch\/de\/info\/faq\/#breadcrumb\",\"itemListElement\":[{\"@type\":\"ListItem\",\"position\":1,\"name\":\"Home\",\"item\":\"https:\/\/www.miy.ch\/de\/\"},{\"@type\":\"ListItem\",\"position\":2,\"name\":\"Uns\",\"item\":\"https:\/\/www.miy.ch\/de\/info\/\"},{\"@type\":\"ListItem\",\"position\":3,\"name\":\"FAQ\"}]},{\"@type\":\"WebSite\",\"@id\":\"https:\/\/www.miy.ch\/de\/#website\",\"url\":\"https:\/\/www.miy.ch\/de\/\",\"name\":\"Miy MakerSpace et fablab fribourg espace coworking suisse\",\"description\":\"Coaching coworking et espace pour bricolage  coworking et coaching fribourg\",\"publisher\":{\"@id\":\"https:\/\/www.miy.ch\/de\/#organization\"},\"alternateName\":\"Miy MakerSpace et fablab Fribourg\",\"potentialAction\":[{\"@type\":\"SearchAction\",\"target\":{\"@type\":\"EntryPoint\",\"urlTemplate\":\"https:\/\/www.miy.ch\/de\/?s={search_term_string}\"},\"query-input\":{\"@type\":\"PropertyValueSpecification\",\"valueRequired\":true,\"valueName\":\"search_term_string\"}}],\"inLanguage\":\"de\"},{\"@type\":\"Organization\",\"@id\":\"https:\/\/www.miy.ch\/de\/#organization\",\"name\":\"MIY MakerSpace et espace coworking et coaching\",\"alternateName\":\"Coaching et coworking espace formation continue\",\"url\":\"https:\/\/www.miy.ch\/de\/\",\"logo\":{\"@type\":\"ImageObject\",\"inLanguage\":\"de\",\"@id\":\"https:\/\/www.miy.ch\/de\/#\/schema\/logo\/image\/\",\"url\":\"https:\/\/www.miy.ch\/wp-content\/uploads\/2025\/05\/Logomiy.gif\",\"contentUrl\":\"https:\/\/www.miy.ch\/wp-content\/uploads\/2025\/05\/Logomiy.gif\",\"width\":1549,\"height\":1110,\"caption\":\"MIY MakerSpace et espace coworking et coaching\"},\"image\":{\"@id\":\"https:\/\/www.miy.ch\/de\/#\/schema\/logo\/image\/\"},\"sameAs\":[\"https:\/\/www.facebook.com\/groups\/MIYmakerspace\",\"https:\/\/x.com\/miymakerspace\",\"https:\/\/www.instagram.com\/miymakerspace\",\"https:\/\/www.pinterest.com\/miymakerspace\/\"]}]}<\/script>\n<!-- \/ Yoast SEO plugin. -->","yoast_head_json":{"title":"FAQ MIY Makerspace coworking coaching","description":"FAQ - MIY MakerSpace pour les cr\u00e9ateurs. Le seul fablab de coworking de Fribourg avec machines de pointe, coaching et team building","robots":{"index":"index","follow":"follow","max-snippet":"max-snippet:-1","max-image-preview":"max-image-preview:large","max-video-preview":"max-video-preview:-1"},"canonical":"https:\/\/www.miy.ch\/de\/info\/faq\/","og_locale":"de_DE","og_type":"article","og_title":"FAQ MIY Makerspace coworking coaching","og_description":"FAQ - MIY MakerSpace pour les cr\u00e9ateurs. Le seul fablab de coworking de Fribourg avec machines de pointe, coaching et team building","og_url":"https:\/\/www.miy.ch\/de\/info\/faq\/","og_site_name":"MIY Makerspace","article_publisher":"https:\/\/www.facebook.com\/groups\/MIYmakerspace","article_modified_time":"2017-10-12T17:46:24+00:00","og_image":[{"width":1549,"height":1110,"url":"https:\/\/www.miy.ch\/wp-content\/uploads\/2025\/05\/Logomiy.gif","type":"image\/gif"}],"twitter_card":"summary_large_image","twitter_site":"@miymakerspace","twitter_misc":{"Gesch\u00e4tzte Lesezeit":"5\u00a0Minuten"},"schema":{"@context":"https:\/\/schema.org","@graph":[{"@type":"WebPage","@id":"https:\/\/www.miy.ch\/de\/info\/faq\/","url":"https:\/\/www.miy.ch\/de\/info\/faq\/","name":"FAQ MIY Makerspace coworking coaching","isPartOf":{"@id":"https:\/\/www.miy.ch\/de\/#website"},"datePublished":"2016-07-06T07:36:47+00:00","dateModified":"2017-10-12T17:46:24+00:00","description":"FAQ - MIY MakerSpace pour les cr\u00e9ateurs. Le seul fablab de coworking de Fribourg avec machines de pointe, coaching et team building","breadcrumb":{"@id":"https:\/\/www.miy.ch\/de\/info\/faq\/#breadcrumb"},"inLanguage":"de","potentialAction":[{"@type":"ReadAction","target":["https:\/\/www.miy.ch\/de\/info\/faq\/"]}]},{"@type":"BreadcrumbList","@id":"https:\/\/www.miy.ch\/de\/info\/faq\/#breadcrumb","itemListElement":[{"@type":"ListItem","position":1,"name":"Home","item":"https:\/\/www.miy.ch\/de\/"},{"@type":"ListItem","position":2,"name":"Uns","item":"https:\/\/www.miy.ch\/de\/info\/"},{"@type":"ListItem","position":3,"name":"FAQ"}]},{"@type":"WebSite","@id":"https:\/\/www.miy.ch\/de\/#website","url":"https:\/\/www.miy.ch\/de\/","name":"Miy MakerSpace et fablab fribourg espace coworking suisse","description":"Coaching coworking et espace pour bricolage  coworking et coaching fribourg","publisher":{"@id":"https:\/\/www.miy.ch\/de\/#organization"},"alternateName":"Miy MakerSpace et fablab Fribourg","potentialAction":[{"@type":"SearchAction","target":{"@type":"EntryPoint","urlTemplate":"https:\/\/www.miy.ch\/de\/?s={search_term_string}"},"query-input":{"@type":"PropertyValueSpecification","valueRequired":true,"valueName":"search_term_string"}}],"inLanguage":"de"},{"@type":"Organization","@id":"https:\/\/www.miy.ch\/de\/#organization","name":"MIY MakerSpace et espace coworking et coaching","alternateName":"Coaching et coworking espace formation continue","url":"https:\/\/www.miy.ch\/de\/","logo":{"@type":"ImageObject","inLanguage":"de","@id":"https:\/\/www.miy.ch\/de\/#\/schema\/logo\/image\/","url":"https:\/\/www.miy.ch\/wp-content\/uploads\/2025\/05\/Logomiy.gif","contentUrl":"https:\/\/www.miy.ch\/wp-content\/uploads\/2025\/05\/Logomiy.gif","width":1549,"height":1110,"caption":"MIY MakerSpace et espace coworking et coaching"},"image":{"@id":"https:\/\/www.miy.ch\/de\/#\/schema\/logo\/image\/"},"sameAs":["https:\/\/www.facebook.com\/groups\/MIYmakerspace","https:\/\/x.com\/miymakerspace","https:\/\/www.instagram.com\/miymakerspace","https:\/\/www.pinterest.com\/miymakerspace\/"]}]}},"_links":{"self":[{"href":"https:\/\/www.miy.ch\/de\/wp-json\/wp\/v2\/pages\/32605","targetHints":{"allow":["GET"]}}],"collection":[{"href":"https:\/\/www.miy.ch\/de\/wp-json\/wp\/v2\/pages"}],"about":[{"href":"https:\/\/www.miy.ch\/de\/wp-json\/wp\/v2\/types\/page"}],"author":[{"embeddable":true,"href":"https:\/\/www.miy.ch\/de\/wp-json\/wp\/v2\/users\/1"}],"replies":[{"embeddable":true,"href":"https:\/\/www.miy.ch\/de\/wp-json\/wp\/v2\/comments?post=32605"}],"version-history":[{"count":2,"href":"https:\/\/www.miy.ch\/de\/wp-json\/wp\/v2\/pages\/32605\/revisions"}],"predecessor-version":[{"id":32607,"href":"https:\/\/www.miy.ch\/de\/wp-json\/wp\/v2\/pages\/32605\/revisions\/32607"}],"up":[{"embeddable":true,"href":"https:\/\/www.miy.ch\/de\/wp-json\/wp\/v2\/pages\/32602"}],"wp:attachment":[{"href":"https:\/\/www.miy.ch\/de\/wp-json\/wp\/v2\/media?parent=32605"}],"curies":[{"name":"wp","href":"https:\/\/api.w.org\/{rel}","templated":true}]}}