{"id":29978,"date":"2017-02-23T19:27:39","date_gmt":"2017-02-23T18:27:39","guid":{"rendered":"http:\/\/www.miy.ch\/fr\/?page_id=29978"},"modified":"2023-11-24T14:28:15","modified_gmt":"2023-11-24T13:28:15","slug":"coaching-miy","status":"publish","type":"page","link":"https:\/\/www.miy.ch\/fr\/apprendre\/coaching-miy\/","title":{"rendered":"Coaching"},"content":{"rendered":"<p>[et_pb_section bb_built=\u00a0\u00bb1&Prime; admin_label=\u00a0\u00bbsection\u00a0\u00bb][et_pb_row admin_label=\u00a0\u00bbrow\u00a0\u00bb background_position=\u00a0\u00bbtop_left\u00a0\u00bb background_repeat=\u00a0\u00bbrepeat\u00a0\u00bb background_size=\u00a0\u00bbinitial\u00a0\u00bb][et_pb_column type=\u00a0\u00bb4_4&Prime;][et_pb_text background_layout=\u00a0\u00bblight\u00a0\u00bb text_orientation=\u00a0\u00bbleft\u00a0\u00bb border_style=\u00a0\u00bbsolid\u00a0\u00bb background_position=\u00a0\u00bbtop_left\u00a0\u00bb background_repeat=\u00a0\u00bbrepeat\u00a0\u00bb background_size=\u00a0\u00bbinitial\u00a0\u00bb _builder_version=\u00a0\u00bb3.0.69&Prime;]<\/p>\n<p>A l&rsquo;atelier MIY, il est possible de louer nos comp\u00e9tences d&rsquo;ing\u00e9nieur. Cela signifie que dans le cas o\u00f9 vous seriez bloqu\u00e9 dans votre projet. Nous pouvons vous accompagner \u00e0 aller \u00e0 l&rsquo;\u00e9tape suivante. Coaching \u00e0 100.- de l&rsquo;heure.<\/p>\n<p>&nbsp;<\/p>\n<p>En bref, que vous ayez besoin de trouver une orientation ou que vous souhaitiez choisir un autre domaine pour apprendre. Nous sommes l\u00e0 pour vous guider. Notre personnel hautement qualifi\u00e9 est sp\u00e9cialis\u00e9 dans le d\u00e9veloppement d\u2019inventions industrielles. Aussi pour l\u2019utilisation de technologies de pointe pour la construction ou la cr\u00e9ation de produits. Nous avons \u00e9galement une atelier o\u00f9 vous pouvez utiliser l\u2019espace. Ceci est pour vous aider \u00e0 vous positionner sur le march\u00e9, aussi satur\u00e9 qu\u2019il puisse para\u00eetre.<\/p>\n<p>[\/et_pb_text][et_pb_text _builder_version=\u00a0\u00bb3.0.69&Prime; background_layout=\u00a0\u00bblight\u00a0\u00bb text_orientation=\u00a0\u00bbleft\u00a0\u00bb border_style=\u00a0\u00bbsolid\u00a0\u00bb]<\/p>\n<h2><strong style=\"color: #666666; font-size: 14px;\">A qui s\u2019adresse le coaching professionnel ?<\/strong><\/h2>\n<div class=\"text\">\n<p>A vous chefs d\u2019entreprise et petites et moyenne entreprises, qui souhaitez \u00eatre accompagn\u00e9-es dans votre pratique pour d\u00e9velopper vos ressources personnelles en vue d\u2019une plus grande cr\u00e9ativit\u00e9, efficacit\u00e9 et performance. Aussi, il est possible pour nous d&rsquo;accompagner plus efficacement vos collaborateurs et collaboratrices, les motiver et susciter leur potentiel. Afin d&rsquo;assurer une qualit\u00e9 nou pouvons aussi r\u00e9soudre une probl\u00e9matique qui trouve dans votre vie ou mission dans l&rsquo;entreprise.<\/p>\n<p>A vous \u00e9quipes professionnelles qui souhaitez<\/p>\n<ul>\n<li>Coaching pour d\u00e9velopper votre cr\u00e9ativit\u00e9 et am\u00e9liorer vos performances<\/li>\n<li>mieux vivre les changements et contribuer \u00e0 la r\u00e9ussite de votre vie professionnelle<\/li>\n<li>am\u00e9liorer la collaboration interpersonnelle<\/li>\n<li>retrouver un souffle dans vos activit\u00e9s professionnelles<\/li>\n<\/ul>\n<h2>A vous professionnel-les, qui souhaitez<\/h2>\n<ul>\n<li>d\u00e9couvrir votre potentiel int\u00e9rieur et optimiser vos capacit\u00e9s<\/li>\n<li>atteindre les objectifs demand\u00e9s par l\u2019entreprise<\/li>\n<li>b\u00e9n\u00e9ficier d\u2019un accompagnement en vue d\u2019une r\u00e9orientation professionnelle<\/li>\n<\/ul>\n<p>&nbsp;<\/p>\n<h2><strong>Les th\u00e9matiques possibles<\/strong><\/h2>\n<ul>\n<li>g\u00e9rer les tensions et les conflits<\/li>\n<li>Technologue et conception produit<\/li>\n<li>conception et ing\u00e9nieur<\/li>\n<li>coaching pour le prototypage<\/li>\n<li>manager une \u00e9quipe<\/li>\n<li>prendre des d\u00e9cisions et les \u00e9valuer<\/li>\n<li>g\u00e9rer le stress et les \u00e9motions<\/li>\n<li>accompagner l\u2019innovation et le changement<\/li>\n<li>d\u00e9velopper ses capacit\u00e9s de leader<\/li>\n<li>mieux collaborer \u00e0 la r\u00e9ussite de son groupe professionnel<\/li>\n<li>mieux communiquer<\/li>\n<\/ul>\n<p>&nbsp;<\/p>\n<h2><strong>D\u00e9roulement et modalit\u00e9s pour coaching<br \/>\n<\/strong><\/h2>\n<p>Le premier entretien permet de d\u00e9finir la demande, de fixer les objectifs, les axes de progr\u00e8s ainsi que les modalit\u00e9s pratiques.<\/p>\n<p>Les s\u00e9ances suivantes visent l\u2019acquisition de comp\u00e9tences. La personne ou l\u2019\u00e9quipe coaching travaille \u00e0 partir de situations professionnelles concr\u00e8tes. En prenant appui sur ses ressources personnelles et avec l\u2019aide du coach, elle avance progressivement vers les objectifs souhait\u00e9s et la r\u00e9solution de sa probl\u00e9matique.<\/p>\n<p>Chaque rencontre dure 1 \u00e0 2 heures et se termine par une \u00e9valuation des acquis. A l\u2019issue du coaching, un bilan global permet de saisir les progr\u00e8s r\u00e9alis\u00e9s.<\/p>\n<p>Un tel accompagnement se d\u00e9roule habituellement sur une p\u00e9riode de 3 \u00e0 8 mois, il faut compter 8 \u00e0 12 s\u00e9ances selon la situation et les objectifs d\u00e9finis.<\/p>\n<p>Lorsque le coaching est demand\u00e9 par une entreprise, un contrat pr\u00e9cise les objectifs et les modalit\u00e9s de l\u2019intervention.<a href=\"https:\/\/www.miy.ch\/fr\/contactez-nous\/\"> Contactez nous!<\/a><\/p>\n<h2>Mais c&rsquo;est quoi le coaching?<\/h2>\n<p>Pour nous, le coaching est un processus d\u2019accompagnement par un professionnel form\u00e9 qui s\u2019engage \u00e0 aider son client \u00e0 d\u00e9finir un\/des objectif\/s, puis \u00e0 mettre en place le suivi durant la phase de d\u00e9marrage de cet\/ces objectif\/s. Notamment issu de la syst\u00e9mique et du management de la performance (entre autres), on doit le terme m\u00eame de \u00a8coaching\u00a8 \u00e0 John Whitmore (1937-2017), qui, apr\u00e8s une carri\u00e8re de pilote automobile, se forma en tant que psychologue. C\u2019est \u00e0 lui que nous devons la notion de \u00a8Coaching de performance\u00a8. Quelques ann\u00e9es plus tard, Vincent Lenhardt a \u00e9t\u00e9 le premier en France \u00e0 offrir une formation en coaching au sein de son coll\u00e8ge (1988).<\/p>\n<p>Nous proposons des s\u00e9ances de coaching dans le domaine de la technologie et de l\u2019invention au sein de notre MakerSpace. Nous offrons des horaires larges \u00e0 Fribourg afin que vous puissiez prendre le temps d\u2019adapter ce que nous sommes engag\u00e9s pour vous aider. Si vous avez des questions ou si vous souhaitez passer voir notre espace rempli de machines et d\u2019outils. Vous n\u2019avez qu\u2019\u00e0 prendre rendez-vous et nous pouvons fixer un moment pour que vous en appreniez davantage sur le coaching et ce que nous pouvons faire pour vous dans notre espace collaboratif.<\/p>\n<\/div>\n<p>&nbsp;<\/p>\n<div class=\"text\">\n<h2>L&rsquo;Espace collaboratif a Fribourg suisse<\/h2>\n<\/div>\n<p>Imaginez un espace bien approvisionn\u00e9 avec les meilleures technologies et machines qui peuvent vous aider \u00e0 apprendre ou \u00e0 d\u00e9couvrir un nouveau monde. Un nouveau monde de possibilit\u00e9s et de choix que vous pouvez adapter \u00e0 votre propre vie et \u00e0 votre propre style de vie. Vous avez la possibilit\u00e9 de travailler \u00e0 votre propre rythme afin d\u2019avoir la possibilit\u00e9 d\u2019int\u00e9grer les \u00e9tapes que vous avez apprises. Les \u00e9tapes importantes qui m\u00e8neront \u00e0 une plus grande r\u00e9ussite dans la vie et \u00e0 un avenir meilleur pour vous et votre entourage.<\/p>\n<p>&nbsp;<\/p>\n<p>&nbsp;<\/p>\n<div class=\"text\">\n<p><a href=\"https:\/\/www.badog.ch\/fr\/\">see our machine suppliers too<\/a><\/p>\n<h2>Le Coaching chez nous<\/h2>\n<\/div>\n<p>La premi\u00e8re s\u00e9ance sera un coaching suffisant pour d\u00e9terminer le chemin que vous aimeriez emprunter pour trouver votre propre voie. Notre objectif, comme pour tous nos services, est de vous rendre compl\u00e8tement autonome dans vos objectifs de vie, votre carri\u00e8re et vos choix technologiques. Nous disposons de nombreuses machines et outils que nous utilisons quotidiennement pour accompagner nos clients sur leur chemin de d\u00e9couverte dans une discipline d\u00e9j\u00e0 difficile et vague. Avec nous \u00e0 vos c\u00f4t\u00e9s, vous pouvez commencer par nos conseils, mais bient\u00f4t \u00eatre en mesure de faire le travail par vous-m\u00eame pour r\u00e9ussir dans notre espace collaboratif avec vos propres id\u00e9es.<\/p>\n<p>Si vous avez des questions sur le Coaching, n\u2019h\u00e9sitez pas \u00e0 nous contacter pour plus de d\u00e9tails \u00e0 ce sujet. Nous sommes ici dans la boutique toute la semaine pour r\u00e9pondre \u00e0 vos demandes. Ou vous pouvez simplement vous arr\u00eater et nous faire part de vos id\u00e9es.<\/p>\n<p>[\/et_pb_text][et_pb_image _builder_version=\u00a0\u00bb3.0.69&Prime; src=\u00a0\u00bbhttps:\/\/www.miy.ch\/wp-content\/uploads\/2017\/08\/image076.jpg\u00a0\u00bb show_in_lightbox=\u00a0\u00bboff\u00a0\u00bb url_new_window=\u00a0\u00bboff\u00a0\u00bb use_overlay=\u00a0\u00bboff\u00a0\u00bb sticky=\u00a0\u00bboff\u00a0\u00bb align=\u00a0\u00bbleft\u00a0\u00bb always_center_on_mobile=\u00a0\u00bbon\u00a0\u00bb border_style=\u00a0\u00bbsolid\u00a0\u00bb force_fullwidth=\u00a0\u00bboff\u00a0\u00bb animation=\u00a0\u00bboff\u00a0\u00bb alt=\u00a0\u00bbcoaching est facile chez miy makerspace\u00a0\u00bb \/][\/et_pb_column][\/et_pb_row][\/et_pb_section]<\/p>\n","protected":false},"excerpt":{"rendered":"<p>[et_pb_section bb_built=\u00a0\u00bb1&Prime; admin_label=\u00a0\u00bbsection\u00a0\u00bb][et_pb_row admin_label=\u00a0\u00bbrow\u00a0\u00bb background_position=\u00a0\u00bbtop_left\u00a0\u00bb background_repeat=\u00a0\u00bbrepeat\u00a0\u00bb background_size=\u00a0\u00bbinitial\u00a0\u00bb][et_pb_column type=\u00a0\u00bb4_4&Prime;][et_pb_text background_layout=\u00a0\u00bblight\u00a0\u00bb text_orientation=\u00a0\u00bbleft\u00a0\u00bb border_style=\u00a0\u00bbsolid\u00a0\u00bb background_position=\u00a0\u00bbtop_left\u00a0\u00bb background_repeat=\u00a0\u00bbrepeat\u00a0\u00bb background_size=\u00a0\u00bbinitial\u00a0\u00bb _builder_version=\u00a0\u00bb3.0.69&Prime;] A l&rsquo;atelier MIY, il est possible de louer nos comp\u00e9tences d&rsquo;ing\u00e9nieur. Cela signifie que dans le cas o\u00f9 vous seriez bloqu\u00e9 dans votre projet. Nous pouvons vous accompagner \u00e0 aller \u00e0 l&rsquo;\u00e9tape suivante. Coaching \u00e0 100.- de l&rsquo;heure. &nbsp; En [&hellip;]<\/p>\n","protected":false},"author":2,"featured_media":0,"parent":29944,"menu_order":6,"comment_status":"closed","ping_status":"closed","template":"","meta":{"_et_pb_use_builder":"on","_et_pb_old_content":"","_et_gb_content_width":"","footnotes":""},"class_list":["post-29978","page","type-page","status-publish","hentry"],"yoast_head":"<!-- This site is optimized with the Yoast SEO plugin v24.2 - https:\/\/yoast.com\/wordpress\/plugins\/seo\/ -->\n<title>Coaching chez MIY MakerSpace et Fablab a Fribourg<\/title>\n<meta name=\"description\" content=\"A l&#039;atelier MIY, il est possible de louer nos comp\u00e9tences d&#039;ing\u00e9nieur. Cela signifie que dans le cas o\u00f9 vous seriez bloqu\u00e9 dans votre projet, nous pouvons vous accompagner \u00e0 aller \u00e0 l&#039;\u00e9tape suivante. Coaching \u00e0 100.- de l&#039;heure. A qui s\u2019adresse le coaching professionnel ? A vous chef-fes d\u2019entreprise\" \/>\n<meta name=\"robots\" content=\"index, follow, max-snippet:-1, max-image-preview:large, max-video-preview:-1\" \/>\n<link rel=\"canonical\" href=\"https:\/\/www.miy.ch\/fr\/apprendre\/coaching-miy\/\" \/>\n<meta property=\"og:locale\" content=\"fr_FR\" \/>\n<meta property=\"og:type\" content=\"article\" \/>\n<meta property=\"og:title\" content=\"Coaching chez MIY MakerSpace et Fablab a Fribourg\" \/>\n<meta property=\"og:description\" content=\"A l&#039;atelier MIY, il est possible de louer nos comp\u00e9tences d&#039;ing\u00e9nieur. Cela signifie que dans le cas o\u00f9 vous seriez bloqu\u00e9 dans votre projet, nous pouvons vous accompagner \u00e0 aller \u00e0 l&#039;\u00e9tape suivante. Coaching \u00e0 100.- de l&#039;heure. A qui s\u2019adresse le coaching professionnel ? A vous chef-fes d\u2019entreprise\" \/>\n<meta property=\"og:url\" content=\"https:\/\/www.miy.ch\/fr\/apprendre\/coaching-miy\/\" \/>\n<meta property=\"og:site_name\" content=\"MIY Makerspace\" \/>\n<meta property=\"article:publisher\" content=\"https:\/\/www.facebook.com\/groups\/MIYmakerspace\" \/>\n<meta property=\"article:modified_time\" content=\"2023-11-24T13:28:15+00:00\" \/>\n<meta property=\"og:image\" content=\"https:\/\/www.miy.ch\/wp-content\/uploads\/2025\/05\/Logomiy.gif\" \/>\n\t<meta property=\"og:image:width\" content=\"1549\" \/>\n\t<meta property=\"og:image:height\" content=\"1110\" \/>\n\t<meta property=\"og:image:type\" content=\"image\/gif\" \/>\n<meta name=\"twitter:card\" content=\"summary_large_image\" \/>\n<meta name=\"twitter:site\" content=\"@miymakerspace\" \/>\n<meta name=\"twitter:label1\" content=\"Dur\u00e9e de lecture estim\u00e9e\" \/>\n\t<meta name=\"twitter:data1\" content=\"6 minutes\" \/>\n<script type=\"application\/ld+json\" class=\"yoast-schema-graph\">{\"@context\":\"https:\/\/schema.org\",\"@graph\":[{\"@type\":\"WebPage\",\"@id\":\"https:\/\/www.miy.ch\/fr\/apprendre\/coaching-miy\/\",\"url\":\"https:\/\/www.miy.ch\/fr\/apprendre\/coaching-miy\/\",\"name\":\"Coaching chez MIY MakerSpace et Fablab a Fribourg\",\"isPartOf\":{\"@id\":\"https:\/\/www.miy.ch\/fr\/#website\"},\"datePublished\":\"2017-02-23T18:27:39+00:00\",\"dateModified\":\"2023-11-24T13:28:15+00:00\",\"description\":\"A l'atelier MIY, il est possible de louer nos comp\u00e9tences d'ing\u00e9nieur. Cela signifie que dans le cas o\u00f9 vous seriez bloqu\u00e9 dans votre projet, nous pouvons vous accompagner \u00e0 aller \u00e0 l'\u00e9tape suivante. Coaching \u00e0 100.- de l'heure. A qui s\u2019adresse le coaching professionnel ? A vous chef-fes d\u2019entreprise\",\"breadcrumb\":{\"@id\":\"https:\/\/www.miy.ch\/fr\/apprendre\/coaching-miy\/#breadcrumb\"},\"inLanguage\":\"fr-FR\",\"potentialAction\":[{\"@type\":\"ReadAction\",\"target\":[\"https:\/\/www.miy.ch\/fr\/apprendre\/coaching-miy\/\"]}]},{\"@type\":\"BreadcrumbList\",\"@id\":\"https:\/\/www.miy.ch\/fr\/apprendre\/coaching-miy\/#breadcrumb\",\"itemListElement\":[{\"@type\":\"ListItem\",\"position\":1,\"name\":\"Home\",\"item\":\"https:\/\/www.miy.ch\/fr\/\"},{\"@type\":\"ListItem\",\"position\":2,\"name\":\"Apprendre\",\"item\":\"https:\/\/www.miy.ch\/fr\/apprendre\/\"},{\"@type\":\"ListItem\",\"position\":3,\"name\":\"Coaching\"}]},{\"@type\":\"WebSite\",\"@id\":\"https:\/\/www.miy.ch\/fr\/#website\",\"url\":\"https:\/\/www.miy.ch\/fr\/\",\"name\":\"Miy MakerSpace et fablab fribourg espace coworking suisse\",\"description\":\"Coaching coworking et espace pour bricolage  coworking et coaching fribourg\",\"publisher\":{\"@id\":\"https:\/\/www.miy.ch\/fr\/#organization\"},\"alternateName\":\"Miy MakerSpace et fablab Fribourg\",\"potentialAction\":[{\"@type\":\"SearchAction\",\"target\":{\"@type\":\"EntryPoint\",\"urlTemplate\":\"https:\/\/www.miy.ch\/fr\/?s={search_term_string}\"},\"query-input\":{\"@type\":\"PropertyValueSpecification\",\"valueRequired\":true,\"valueName\":\"search_term_string\"}}],\"inLanguage\":\"fr-FR\"},{\"@type\":\"Organization\",\"@id\":\"https:\/\/www.miy.ch\/fr\/#organization\",\"name\":\"MIY MakerSpace et espace coworking et coaching\",\"alternateName\":\"Coaching et coworking espace formation continue\",\"url\":\"https:\/\/www.miy.ch\/fr\/\",\"logo\":{\"@type\":\"ImageObject\",\"inLanguage\":\"fr-FR\",\"@id\":\"https:\/\/www.miy.ch\/fr\/#\/schema\/logo\/image\/\",\"url\":\"https:\/\/www.miy.ch\/wp-content\/uploads\/2025\/05\/Logomiy.gif\",\"contentUrl\":\"https:\/\/www.miy.ch\/wp-content\/uploads\/2025\/05\/Logomiy.gif\",\"width\":1549,\"height\":1110,\"caption\":\"MIY MakerSpace et espace coworking et coaching\"},\"image\":{\"@id\":\"https:\/\/www.miy.ch\/fr\/#\/schema\/logo\/image\/\"},\"sameAs\":[\"https:\/\/www.facebook.com\/groups\/MIYmakerspace\",\"https:\/\/x.com\/miymakerspace\",\"https:\/\/www.instagram.com\/miymakerspace\",\"https:\/\/www.pinterest.com\/miymakerspace\/\"]}]}<\/script>\n<!-- \/ Yoast SEO plugin. -->","yoast_head_json":{"title":"Coaching chez MIY MakerSpace et Fablab a Fribourg","description":"A l'atelier MIY, il est possible de louer nos comp\u00e9tences d'ing\u00e9nieur. Cela signifie que dans le cas o\u00f9 vous seriez bloqu\u00e9 dans votre projet, nous pouvons vous accompagner \u00e0 aller \u00e0 l'\u00e9tape suivante. Coaching \u00e0 100.- de l'heure. A qui s\u2019adresse le coaching professionnel ? A vous chef-fes d\u2019entreprise","robots":{"index":"index","follow":"follow","max-snippet":"max-snippet:-1","max-image-preview":"max-image-preview:large","max-video-preview":"max-video-preview:-1"},"canonical":"https:\/\/www.miy.ch\/fr\/apprendre\/coaching-miy\/","og_locale":"fr_FR","og_type":"article","og_title":"Coaching chez MIY MakerSpace et Fablab a Fribourg","og_description":"A l'atelier MIY, il est possible de louer nos comp\u00e9tences d'ing\u00e9nieur. Cela signifie que dans le cas o\u00f9 vous seriez bloqu\u00e9 dans votre projet, nous pouvons vous accompagner \u00e0 aller \u00e0 l'\u00e9tape suivante. Coaching \u00e0 100.- de l'heure. A qui s\u2019adresse le coaching professionnel ? A vous chef-fes d\u2019entreprise","og_url":"https:\/\/www.miy.ch\/fr\/apprendre\/coaching-miy\/","og_site_name":"MIY Makerspace","article_publisher":"https:\/\/www.facebook.com\/groups\/MIYmakerspace","article_modified_time":"2023-11-24T13:28:15+00:00","og_image":[{"width":1549,"height":1110,"url":"https:\/\/www.miy.ch\/wp-content\/uploads\/2025\/05\/Logomiy.gif","type":"image\/gif"}],"twitter_card":"summary_large_image","twitter_site":"@miymakerspace","twitter_misc":{"Dur\u00e9e de lecture estim\u00e9e":"6 minutes"},"schema":{"@context":"https:\/\/schema.org","@graph":[{"@type":"WebPage","@id":"https:\/\/www.miy.ch\/fr\/apprendre\/coaching-miy\/","url":"https:\/\/www.miy.ch\/fr\/apprendre\/coaching-miy\/","name":"Coaching chez MIY MakerSpace et Fablab a Fribourg","isPartOf":{"@id":"https:\/\/www.miy.ch\/fr\/#website"},"datePublished":"2017-02-23T18:27:39+00:00","dateModified":"2023-11-24T13:28:15+00:00","description":"A l'atelier MIY, il est possible de louer nos comp\u00e9tences d'ing\u00e9nieur. Cela signifie que dans le cas o\u00f9 vous seriez bloqu\u00e9 dans votre projet, nous pouvons vous accompagner \u00e0 aller \u00e0 l'\u00e9tape suivante. Coaching \u00e0 100.- de l'heure. A qui s\u2019adresse le coaching professionnel ? A vous chef-fes d\u2019entreprise","breadcrumb":{"@id":"https:\/\/www.miy.ch\/fr\/apprendre\/coaching-miy\/#breadcrumb"},"inLanguage":"fr-FR","potentialAction":[{"@type":"ReadAction","target":["https:\/\/www.miy.ch\/fr\/apprendre\/coaching-miy\/"]}]},{"@type":"BreadcrumbList","@id":"https:\/\/www.miy.ch\/fr\/apprendre\/coaching-miy\/#breadcrumb","itemListElement":[{"@type":"ListItem","position":1,"name":"Home","item":"https:\/\/www.miy.ch\/fr\/"},{"@type":"ListItem","position":2,"name":"Apprendre","item":"https:\/\/www.miy.ch\/fr\/apprendre\/"},{"@type":"ListItem","position":3,"name":"Coaching"}]},{"@type":"WebSite","@id":"https:\/\/www.miy.ch\/fr\/#website","url":"https:\/\/www.miy.ch\/fr\/","name":"Miy MakerSpace et fablab fribourg espace coworking suisse","description":"Coaching coworking et espace pour bricolage  coworking et coaching fribourg","publisher":{"@id":"https:\/\/www.miy.ch\/fr\/#organization"},"alternateName":"Miy MakerSpace et fablab Fribourg","potentialAction":[{"@type":"SearchAction","target":{"@type":"EntryPoint","urlTemplate":"https:\/\/www.miy.ch\/fr\/?s={search_term_string}"},"query-input":{"@type":"PropertyValueSpecification","valueRequired":true,"valueName":"search_term_string"}}],"inLanguage":"fr-FR"},{"@type":"Organization","@id":"https:\/\/www.miy.ch\/fr\/#organization","name":"MIY MakerSpace et espace coworking et coaching","alternateName":"Coaching et coworking espace formation continue","url":"https:\/\/www.miy.ch\/fr\/","logo":{"@type":"ImageObject","inLanguage":"fr-FR","@id":"https:\/\/www.miy.ch\/fr\/#\/schema\/logo\/image\/","url":"https:\/\/www.miy.ch\/wp-content\/uploads\/2025\/05\/Logomiy.gif","contentUrl":"https:\/\/www.miy.ch\/wp-content\/uploads\/2025\/05\/Logomiy.gif","width":1549,"height":1110,"caption":"MIY MakerSpace et espace coworking et coaching"},"image":{"@id":"https:\/\/www.miy.ch\/fr\/#\/schema\/logo\/image\/"},"sameAs":["https:\/\/www.facebook.com\/groups\/MIYmakerspace","https:\/\/x.com\/miymakerspace","https:\/\/www.instagram.com\/miymakerspace","https:\/\/www.pinterest.com\/miymakerspace\/"]}]}},"_links":{"self":[{"href":"https:\/\/www.miy.ch\/fr\/wp-json\/wp\/v2\/pages\/29978","targetHints":{"allow":["GET"]}}],"collection":[{"href":"https:\/\/www.miy.ch\/fr\/wp-json\/wp\/v2\/pages"}],"about":[{"href":"https:\/\/www.miy.ch\/fr\/wp-json\/wp\/v2\/types\/page"}],"author":[{"embeddable":true,"href":"https:\/\/www.miy.ch\/fr\/wp-json\/wp\/v2\/users\/2"}],"replies":[{"embeddable":true,"href":"https:\/\/www.miy.ch\/fr\/wp-json\/wp\/v2\/comments?post=29978"}],"version-history":[{"count":3,"href":"https:\/\/www.miy.ch\/fr\/wp-json\/wp\/v2\/pages\/29978\/revisions"}],"predecessor-version":[{"id":36434,"href":"https:\/\/www.miy.ch\/fr\/wp-json\/wp\/v2\/pages\/29978\/revisions\/36434"}],"up":[{"embeddable":true,"href":"https:\/\/www.miy.ch\/fr\/wp-json\/wp\/v2\/pages\/29944"}],"wp:attachment":[{"href":"https:\/\/www.miy.ch\/fr\/wp-json\/wp\/v2\/media?parent=29978"}],"curies":[{"name":"wp","href":"https:\/\/api.w.org\/{rel}","templated":true}]}}